{"id":1751,"date":"2020-04-01T14:46:29","date_gmt":"2020-04-01T14:46:29","guid":{"rendered":"http:\/\/www.interventure.info\/cookie-policy\/"},"modified":"2020-11-13T21:12:41","modified_gmt":"2020-11-13T21:12:41","slug":"cookie-policy","status":"publish","type":"page","link":"https:\/\/www.interventure.info\/de\/cookie-policy\/","title":{"rendered":"Cookie policy"},"content":{"rendered":"<div class=\"wrapper-text\">\n<h1 class=\"wp-block-heading\">Datenschutzerkl\u00e4rung Website<\/h1>\n<\/div>\n\n<div class=\"wrapper-text\">\n<p>Die Website von InterVenture unterliegt dem schweizerischen Recht zum Datenschutz, insbesondere gem\u00e4ss dem Bundesgesetz \u00fcber den Datenschutz (DSG). F\u00fcr Besucherinnen und Besucher aus dem Ausland kann unsere Website auch ausl\u00e4ndischem Datenschutzrecht unterliegen. Wir erachten den Schutz der Privatsph\u00e4re unserer Website-Besucher als \u00e4usserst wichtig und informieren deshalb nachfolgend \u00fcber unseren Umgang mit Personendaten auf unserer Website.<\/p>\n<\/div>\n\n<div class=\"wrapper-text\">\n<p>Unsere Website kann besucht werden, ohne Angaben zur Person hinterlassen zu m\u00fcssen. Wir speichern lediglich Zugriffsdaten in unseren Server-Logdateien, die uns keinen direkten R\u00fcckschluss auf einzelne Personen erm\u00f6glichen. Dazu z\u00e4hlen unter anderem die Namen der abgerufenen Seiten einschliesslich Datum und Zeit des jeweiligen Abrufs, die jeweils \u00fcbertragene Datenmenge und der Internet-Zugangsanbieter, \u00fcber den der jeweilige Abruf erfolgt. Wir verwenden diese Daten ausschliesslich zur Sicherstellung der st\u00f6rungsfreien Abrufbarkeit unserer Website sowie f\u00fcr Verbesserungen unserer Website.<\/p>\n<\/div>\n\n<div class=\"wrapper-text\">\n<h3 class=\"wp-block-heading\">Kontaktaufnahme durch den Besucher<\/h3>\n<\/div>\n\n<div class=\"wrapper-text\">\n<p>Wir erheben Personendaten, wenn ein Website-Besucher uns kontaktiert, zum Beispiel \u00fcber unser Kontaktformular, und uns dabei Angaben wie Name und E-Mail freiwillig mitteilt. Welche Personendaten dabei erhoben werden, ergibt sich jeweils aus den abgefragten Angaben.<\/p>\n<\/div>\n\n<div class=\"wrapper-text\">\n<h3 class=\"wp-block-heading\">Cookies<\/h3>\n<\/div>\n\n<div class=\"wrapper-text\">\n<p>Wir verwenden Cookies f\u00fcr unsere Website. Cookies sind insbesondere kleine Textdateien, die beim Besuch unserer Website auf dem Computer unserer Besucher dauerhaft oder tempor\u00e4r gespeichert werden. Zweck der Cookies ist insbesondere die statistische Auswertung der Nutzung unserer Website f\u00fcr Verbesserungen. Website-Besucher k\u00f6nnen die Verwendung von Cookies auf unserer Website in den Cookies- oder Privatsph\u00e4re-Einstellungen des Browsers jederzeit ganz oder teilweise deaktivieren. Bei deaktivierten Cookies stehen unseren Website-Besuchern allenfalls nicht mehr alle Funktionen unserer Website zur Verf\u00fcgung.<\/p>\n<\/div>\n\n<div class=\"wrapper-text\">\n<h3 class=\"wp-block-heading\">Dienste von Google und anderen Drittanbietern<\/h3>\n<\/div>\n\n<div class=\"wrapper-text\">\n<p><strong>Google<\/strong><br>Wir verwenden auf unserer Website die Dienste DoubleClick, Google Analytics, Google AdWords, Google Fonts, Google Maps, Google Remarketing und YouTube der amerikanischen Google Inc. und ihrer Tochtergesellschaften (nachfolgend \u00abGoogle\u00bb). Die erw\u00e4hnten Google-Dienste dienen der statistischen Auswertung der Nutzung unserer Website, damit wir unsere Website fortlaufend verbessern k\u00f6nnen. Die erw\u00e4hnten Google-Dienste erm\u00f6glichen es teilweise auch, unseren Website-Besucherinnen und -Besuchern massgeschneiderte Werbeangebote anzuzeigen.<\/p>\n<\/div>\n\n<div class=\"wrapper-text\">\n<p>Google Fonts dient dem Einbinden von Schriftarten auf unserer Website. Google Maps dient dem Einbinden von Kartenmaterial auf unserer Website. YouTube dient dem Einbinden von Videos auf unserer Website.<\/p>\n<\/div>\n\n<div class=\"wrapper-text\">\n<p>Die aufgez\u00e4hlten Google-Dienste verwenden unter anderem Cookies, welche es erlauben, die individuelle Nutzung unserer Website zu erfassen. S\u00e4mtliche Daten im Zusammenhang mit den Google-Diensten werden an Google in den Vereinigten Staaten von Amerika (USA) zur Auswertung \u00fcbermittelt. Google wird die entsprechenden Daten gegebenenfalls an Dritte \u00fcbertragen, sofern dies gesetzlich vorgeschrieben ist oder soweit Dritte diese Daten im Auftrag von Google bearbeiten. Im Rahmen von Google Analytics wird auch die IP-Adresse unserer Website-Besucher an Google \u00fcbertragen. Wir verwenden Google Analytics auf unserer Website derart konfiguriert, dass die IP-Adresse unserer Website-Besucher nur gek\u00fcrzt und damit anonymisiert erfasst wird.<\/p>\n<\/div>\n\n<div class=\"wrapper-text\">\n<p>Die Verwendung von Cookies f\u00fcr die aufgez\u00e4hlten Google-Dienste auf unserer Website k\u00f6nnen unsere Website-Besucher in den Cookie- oder Privatsph\u00e4re-Einstellungen in ihrem Browser jederzeit ganz oder teilweise deaktivieren. Alternativ k\u00f6nnen unsere Kunden die Auswertung ihrer Nutzung unserer Website durch den Google Analytics-Dienst verhindern, indem sie die entsprechende Google-Browser-Erweiterung unter&nbsp;<a href=\"https:\/\/tools.google.com\/dlpage\/gaoptout\">https:\/\/tools.google.com\/dlpage\/gaoptout<\/a>&nbsp;herunterladen und installieren. In diesem Fall wird ein sogenannter Opt-Out-Cookie gesetzt. Informationen zum Datenschutz im Zusammenhang mit Google-Diensten finden sich in der Datenschutzerkl\u00e4rung von Google unter&nbsp;<a href=\"https:\/\/www.google.ch\/intl\/de\/policies\/privacy\/\">https:\/\/www.google.ch\/intl\/de\/policies\/privacy\/<\/a>.<\/p>\n<\/div>\n\n<div class=\"wrapper-text\">\n<h3 class=\"wp-block-heading\">Social Plugins von Facebook und anderen Social Media-Plattformen<\/h3>\n<\/div>\n\n<div class=\"wrapper-text\">\n<p>Wir verwenden auf unserer Website die Social Plugins der amerikanischen Facebook Inc. und ihrer Tochtergesellschaften (nachfolgend \u00abFacebook\u00bb) sowie der ebenfalls amerikanischen Twitter Inc. (nachfolgend \u00abTwitter\u00bb). Unsere Kunden nehmen zur Kenntnis, dass in diesem Zusammenhang Informationen in die USA . Ausserdem verwenden wir auf unserer Website die Google+-Social Plugins von Google und binden Inhalte von Instagram, einem Angebot von Facebook, in unsere Website ein. Unsere Kunden nehmen zur Kenntnis, dass in diesem Zusammenhang Informationen in die USA gelangen.<\/p>\n<\/div>\n\n<div class=\"wrapper-text\">\n<p>Weitere Informationen zum Datenschutz im Zusammenhang mit den Social Plugins von Facebook und Twitter sowie den Google+-Social Plugins von Google finden sich unter https:\/\/www.facebook.com\/policy.php und&nbsp;<a href=\"https:\/\/twitter.com\/privacy\">https:\/\/twitter.com\/privacy<\/a>&nbsp;sowie unter&nbsp;<a href=\"https:\/\/developers.google.com\/+\/web\/buttons-policy#policies\">https:\/\/developers.google.com\/+\/web\/buttons-policy#policies<\/a>.<\/p>\n<\/div>\n\n<div class=\"wrapper-text\">\n<p>Weitere Informationen zum Datenschutz im Zusammenhang mit Instagram finden sich unter&nbsp;<a href=\"https:\/\/instagram.com\/legal\/privacy\/\">https:\/\/instagram.com\/legal\/privacy\/<\/a>.<\/p>\n<\/div>\n\n<div class=\"wrapper-text\">\n<h3 class=\"wp-block-heading\">Nutzung der SalesViewer\u00ae-Technologie<\/h3>\n<\/div>\n\n<div class=\"wrapper-text\">\n<p>Auf dieser Webseite werden mit der SalesViewer\u00ae-Technologie der SalesViewer\u00ae GmbH auf Grundlage berechtigter Interessen des Webseitenbetreibers (Art. 6 Abs.1 lit.f DSGVO) Daten zu Marketing-, Marktforschungs- und Optimierungszwecken gesammelt und gespeichert.<\/p>\n<\/div>\n\n<div class=\"wrapper-text\">\n<p>Hierzu wird ein javascript-basierter Code eingesetzt, der zur Erhebung unternehmensbezogener Daten und der entsprechenden Nutzung dient. Die mit dieser Technologie erhobenen Daten werden \u00fcber eine nicht r\u00fcckrechenbare Einwegfunktion (sog. Hashing) verschl\u00fcsselt. Die Daten werden unmittelbar pseudonymisiert und nicht dazu benutzt, den Besucher dieser Webseite pers\u00f6nlich zu identifizieren.<\/p>\n<\/div>\n\n<div class=\"wrapper-text\">\n<p>Die im Rahmen von Salesviewer gespeicherten Daten werden gel\u00f6scht, sobald sie f\u00fcr ihre Zweckbestimmung nicht mehr erforderlich sind und der L\u00f6schung keine gesetzlichen Aufbewahrungspflichten entgegenstehen.<\/p>\n<\/div>\n\n<div class=\"wrapper-text\">\n<p>Der Datenerhebung und -speicherung kann jederzeit mit Wirkung f\u00fcr die Zukunft widersprochen werden, indem Sie bitte diesen Link&nbsp;<a rel=\"noreferrer noopener\" href=\"https:\/\/www.salesviewer.com\/opt-out\" target=\"_blank\">https:\/\/www.salesviewer.com\/opt-out<\/a>&nbsp;anklicken, um die Erfassung durch SalesViewer\u00ae innerhalb dieser Webseite zuk\u00fcnftig zu verhindern. Dabei wird ein Opt-out-Cookie f\u00fcr diese Webseite auf Ihrem Ger\u00e4t abgelegt. L\u00f6schen Sie Ihre Cookies in diesem Browser, m\u00fcssen Sie diesen Link erneut anklicken.<\/p>\n<\/div>\n\n<div class=\"wrapper-text\">\n<h3 class=\"wp-block-heading\">Auskunftsrecht<\/h3>\n<\/div>\n\n<div class=\"wrapper-text\">\n<p>Gem\u00e4ss schweizerischem Datenschutzrecht verf\u00fcgen unsere Website-Besucher \u00fcber ein Recht auf grunds\u00e4tzlich unentgeltliche Auskunft \u00fcber sie betreffende Personendaten, die wir bearbeiten beziehungsweise speichern. Unsere Website-Besucher verf\u00fcgen auch \u00fcber das Recht, Personendaten bei uns berichtigen oder l\u00f6schen zu lassen. Bei Anliegen in diesem Zusammenhang stehen wir unseren Website-Besuchern unter unseren Kontaktangaben:&nbsp;<a href=\"https:\/\/www.interventure.info\/de\/kontakt\/\">https:\/\/www.interventure.info\/de\/kontakt\/<\/a>&nbsp;gerne zur Verf\u00fcgung.<\/p>\n<\/div>","protected":false},"excerpt":{"rendered":"<p>Datenschutzerkl\u00e4rung Website Die Website von InterVenture unterliegt dem schweizerischen Recht zum Datenschutz, insbesondere gem\u00e4ss dem Bundesgesetz \u00fcber den Datenschutz (DSG). F\u00fcr Besucherinnen und Besucher aus dem Ausland kann unsere Website auch ausl\u00e4ndischem Datenschutzrecht unterliegen. Wir erachten den Schutz der Privatsph\u00e4re unserer Website-Besucher als \u00e4usserst wichtig und informieren deshalb nachfolgend \u00fcber unseren Umgang mit Personendaten auf [&hellip;]<\/p>\n","protected":false},"author":1,"featured_media":0,"parent":0,"menu_order":200,"comment_status":"closed","ping_status":"closed","template":"","meta":{"_acf_changed":false,"footnotes":""},"class_list":["post-1751","page","type-page","status-publish","hentry"],"acf":[],"_links":{"self":[{"href":"https:\/\/www.interventure.info\/de\/wp-json\/wp\/v2\/pages\/1751","targetHints":{"allow":["GET"]}}],"collection":[{"href":"https:\/\/www.interventure.info\/de\/wp-json\/wp\/v2\/pages"}],"about":[{"href":"https:\/\/www.interventure.info\/de\/wp-json\/wp\/v2\/types\/page"}],"author":[{"embeddable":true,"href":"https:\/\/www.interventure.info\/de\/wp-json\/wp\/v2\/users\/1"}],"replies":[{"embeddable":true,"href":"https:\/\/www.interventure.info\/de\/wp-json\/wp\/v2\/comments?post=1751"}],"version-history":[{"count":0,"href":"https:\/\/www.interventure.info\/de\/wp-json\/wp\/v2\/pages\/1751\/revisions"}],"wp:attachment":[{"href":"https:\/\/www.interventure.info\/de\/wp-json\/wp\/v2\/media?parent=1751"}],"curies":[{"name":"wp","href":"https:\/\/api.w.org\/{rel}","templated":true}]}}