{"id":1749,"date":"2020-03-05T13:48:22","date_gmt":"2020-03-05T13:48:22","guid":{"rendered":"http:\/\/www.interventure.info\/explore-belgrade\/"},"modified":"2024-09-24T06:10:02","modified_gmt":"2024-09-24T06:10:02","slug":"explore-belgrade","status":"publish","type":"page","link":"https:\/\/www.interventure.info\/de\/explore-belgrade\/","title":{"rendered":"Nearshoring Markstudie"},"content":{"rendered":"<section id=\"block-block_31ce9d1206a561be07f1cde1665f89f4\" class=\"hero page-header \"\n  style=\"background-image:url(https:\/\/www.interventure.info\/wp-content\/uploads\/2020\/03\/belgrade-hero.jpg);\" >\n  <div class=\"wrapper\">\n    <hgroup>\n      <h1>DER PERFEKTE ORT <br \/>\r\nF\u00dcR IHR REMOTE-<br \/>\r\nENTWICKLERTEAM<\/h1>\n                  <a class=\"btn green\" href=\"#download-form\"\n        target=\"_self\">NEARSHORING-MARKTSTUDIE HERUNTERLADEN<\/a>\n            \n      \n    <\/hgroup>\n  <\/div>\n  <\/section>\n\n<div class=\"outer-block-wrapper\">\n<div class=\"wp-block-media-text alignwide has-media-on-the-right img-rounded mobile-left-align\" style=\"grid-template-columns:auto 37%\"><div class=\"wp-block-media-text__content\"><div class=\"wrapper-text\">\n<h6 class=\"wp-block-heading\">EINE BELGRAD-ERFAHRUNG<\/h6>\n<\/div>\n\n<div class=\"wrapper-text\">\n<h2 class=\"wp-block-heading\">WIE IST ES IN BELGRAD ZU ARBEITEN?<\/h2>\n<\/div>\n\n<div class=\"wrapper-text\">\n<p>Im Herzen von Belgrad, einer dynamischen Stadt mit viel Kultur und einer lebendigen Tech-Community, befindet sich unser Hub in voller Bl\u00fcte. Umgeben von lokalen Start-ups und Scale-ups f\u00f6rdert unser Standort Kreativit\u00e4t und Partnerschaften im Technologiebereich.<\/p>\n<\/div>\n\n<div class=\"wrapper-text\">\n<p>In unmittelbarer N\u00e4he zu den wichtigsten historischen und kulturellen Sehensw\u00fcrdigkeiten Belgrads gibt es zahlreiche M\u00f6glichkeiten, die spannende Geschichte der Stadt, die lebendige Kunstszene und die k\u00f6stliche lokale K\u00fcche zu erkunden.<\/p>\n<\/div>\n\n<div class=\"wrapper-text\">\n<p>Nach produktiven Arbeitstagen im B\u00fcro k\u00f6nnen wir m\u00fchelos in die pulsierende After-Work-Szene Belgrads \u00fcbergehen, die mit trendigen Caf\u00e9s, Restaurants und Unterhaltungsm\u00f6glichkeiten aufwartet. Diese perfekte Mischung aus Arbeit und Vergn\u00fcgen sorgt daf\u00fcr, dass unser Team beruflich hervorragende Leistungen erbringt und gleichzeitig Belgrads ber\u00fchmt-ber\u00fcchtigten Lebensstil genie\u00dft.<\/p>\n<\/div><\/div><figure class=\"wp-block-media-text__media\"><img decoding=\"async\" width=\"700\" height=\"700\" src=\"https:\/\/www.interventure.info\/wp-content\/uploads\/2020\/03\/belgrade-img-1.jpg\" alt=\"\" class=\"wp-image-684 size-full\" srcset=\"https:\/\/www.interventure.info\/wp-content\/uploads\/2020\/03\/belgrade-img-1.jpg 700w, https:\/\/www.interventure.info\/wp-content\/uploads\/2020\/03\/belgrade-img-1-300x300.jpg 300w, https:\/\/www.interventure.info\/wp-content\/uploads\/2020\/03\/belgrade-img-1-150x150.jpg 150w\" sizes=\"(max-width: 700px) 100vw, 700px\" \/><\/figure><\/div>\n<\/div>\n\n<div class=\"outer-block-wrapper\">\n<div class=\"wp-block-media-text alignwide green media-wide mobile-left-align\"><figure class=\"wp-block-media-text__media\"><img decoding=\"async\" width=\"1024\" height=\"592\" src=\"https:\/\/www.interventure.info\/wp-content\/uploads\/2020\/03\/belgrade-img-2-1024x592.jpg\" alt=\"\" class=\"wp-image-685 size-full\" srcset=\"https:\/\/www.interventure.info\/wp-content\/uploads\/2020\/03\/belgrade-img-2-1024x592.jpg 1024w, https:\/\/www.interventure.info\/wp-content\/uploads\/2020\/03\/belgrade-img-2-300x173.jpg 300w, https:\/\/www.interventure.info\/wp-content\/uploads\/2020\/03\/belgrade-img-2-768x444.jpg 768w, https:\/\/www.interventure.info\/wp-content\/uploads\/2020\/03\/belgrade-img-2.jpg 1287w\" sizes=\"(max-width: 1024px) 100vw, 1024px\" \/><\/figure><div class=\"wp-block-media-text__content\"><div class=\"wrapper-text\">\n<h3 class=\"wp-block-heading\">Entwickler-Talente<\/h3>\n<\/div>\n\n<div class=\"wrapper-text\">\n<p>Die Ingenieurausbildung in Serbien ist aussergew\u00f6hnlich stark ausgepr\u00e4gt. Fast ein Drittel aller Universit\u00e4tsabsolventen kommt von technischen Fakult\u00e4ten. Informations- und Kommunikationstechnik (IKT) wird an insgesamt 37 Hochschuleinrichtungen gelehrt. Belgrad ist zudem das Zuhause von technischen Giganten wie Microsoft und Ubisoft, hat aber auch ber\u00fchmte einheimische Technologieunternehmen wie Nordeus, Seven Bridges Genomics usw. hervorgebracht.<\/p>\n<\/div><\/div><\/div>\n<\/div>\n\n<div class=\"outer-block-wrapper\">\n<div class=\"wp-block-media-text alignwide has-media-on-the-right grey media-wide grey-right-full mobile-left-align\"><div class=\"wp-block-media-text__content\"><div class=\"wrapper-text\">\n<h3 class=\"wp-block-heading\">Geografische N\u00e4he<\/h3>\n<\/div>\n\n<div class=\"wrapper-text\">\n<p>Belgrad ist nur einen kurzen Flug von allen grossen europ\u00e4ischen Zentren entfernt, von London bis Moskau. Der Flughafen &#8222;Nikola Tesla&#8220; ist der gr\u00f6sste Flughafen in der Region und bietet t\u00e4glich Fl\u00fcge in alle gr\u00f6sseren St\u00e4dte an.<\/p>\n<\/div><\/div><figure class=\"wp-block-media-text__media\"><img decoding=\"async\" width=\"852\" height=\"712\" src=\"https:\/\/www.interventure.info\/wp-content\/uploads\/2023\/12\/belgrade-img-4.png\" alt=\"\" class=\"wp-image-6021 size-full\"\/><\/figure><\/div>\n<\/div>\n\n<div class=\"outer-block-wrapper\">\n<div class=\"wp-block-columns is-layout-flex wp-container-core-columns-is-layout-9d6595d7 wp-block-columns-is-layout-flex\">\n<div class=\"wp-block-column is-layout-flow wp-block-column-is-layout-flow\"><div class=\"wrapper-text\">\n<p>LEBENSHALTUNGSKOSTENINDEX NACH STADT<\/p>\n<\/div>\n\n<div class=\"wrapper-text\">\n<p>Diese Kennzahl ermittelt einen Prozentsatz der Immobilienkosten, von Lebensmitteln sowie diversen Dienstleistungen in der jeweiligen Stadt im Vergleich zur Referenzstadt New York. Das bedeutet, dass f\u00fcr New York City jeder Index 100(%) betr\u00e4gt. Liegt der Index einer anderen Stadt bei 120, bedeutet dies, dass die Lebenshaltungskosten in dieser Stadt im Durchschnitt 20% teurer sind als in New York City. Ein Index von 70 bedeutet, dass die Lebenshaltungskosten in dieser Stadt im Durchschnitt 30% g\u00fcnstiger sind als in New York City.<\/p>\n<\/div>\n\n<div class=\"wrapper-text\">\n<p>Quelle: numbeo.com<\/p>\n<\/div><\/div>\n\n\n\n<div class=\"wp-block-column is-layout-flow wp-block-column-is-layout-flow\"><div class=\"wrapper-text\">\n<figure class=\"wp-block-image size-large is-resized\"><img decoding=\"async\" src=\"https:\/\/www.interventure.info\/wp-content\/uploads\/2020\/05\/graph-de-yellow.svg\" alt=\"\" class=\"wp-image-2352\" style=\"width:314px;height:249px\" width=\"314\" height=\"249\"\/><\/figure>\n<\/div><\/div>\n\n\n\n<div class=\"wp-block-column is-layout-flow wp-block-column-is-layout-flow\"><div class=\"wrapper-text\">\n<h3 class=\"wp-block-heading\">Lebenshaltungskosten<\/h3>\n<\/div>\n\n<div class=\"wrapper-text\">\n<p>In Belgrad muss man sich gl\u00fccklicherweise nicht zwischen einem bequemen und einem sparsamen Lebensstil entscheiden. Im Vergleich zu allen europ\u00e4ischen Hauptst\u00e4dten hat Belgrad eine der niedrigsten Lebenshaltungskosten. Laut einem unserer Partner, Numbeo, sind die Verbraucherpreise in Belgrad 53% geringer als in London, 41% geringer als in Berlin und 68% geringer als in Z\u00fcrich.<\/p>\n<\/div><\/div>\n<\/div>\n<\/div>\n\n<div class=\"outer-block-wrapper\">\n<div class=\"wp-block-media-text alignwide has-media-on-the-right green media-wide mobile-left-align\"><div class=\"wp-block-media-text__content\"><div class=\"wrapper-text\">\n<h3 class=\"wp-block-heading\">Kulturelle Verbundenheit<\/h3>\n<\/div>\n\n<div class=\"wrapper-text\">\n<p>Die serbische Bev\u00f6lkerung ist Ausl\u00e4ndern gegen\u00fcber sehr aufgeschlossen, weshalb es leicht f\u00e4llt, sowohl auf pers\u00f6nlicher als auch auf beruflicher Ebene mit Einheimischen in Kontakt zu kommen. Die Mehrheit der Bev\u00f6lkerung in Belgrad spricht sehr gut Englisch, so dass es keine Verst\u00e4ndigungsprobleme geben sollte.<\/p>\n<\/div><\/div><figure class=\"wp-block-media-text__media\"><img decoding=\"async\" width=\"1024\" height=\"593\" src=\"https:\/\/www.interventure.info\/wp-content\/uploads\/2020\/03\/belgrade-img-5-1024x593.jpg\" alt=\"\" class=\"wp-image-688 size-full\" srcset=\"https:\/\/www.interventure.info\/wp-content\/uploads\/2020\/03\/belgrade-img-5-1024x593.jpg 1024w, https:\/\/www.interventure.info\/wp-content\/uploads\/2020\/03\/belgrade-img-5-300x174.jpg 300w, https:\/\/www.interventure.info\/wp-content\/uploads\/2020\/03\/belgrade-img-5-768x444.jpg 768w, https:\/\/www.interventure.info\/wp-content\/uploads\/2020\/03\/belgrade-img-5.jpg 1289w\" sizes=\"(max-width: 1024px) 100vw, 1024px\" \/><\/figure><\/div>\n<\/div>\n\n<div class=\"outer-block-wrapper\">\n<div class=\"wp-block-columns are-vertically-aligned-center is-layout-flex wp-container-core-columns-is-layout-9d6595d7 wp-block-columns-is-layout-flex\">\n<div class=\"wp-block-column is-vertically-aligned-center is-layout-flow wp-block-column-is-layout-flow\">\n<figure class=\"wp-block-embed aligncenter is-type-video is-provider-youtube wp-block-embed-youtube video-embed-xl wp-embed-aspect-16-9 wp-has-aspect-ratio\"><div class=\"wp-block-embed__wrapper\">\n<iframe title=\"InterVenture NY Party 2019\/2020\" width=\"500\" height=\"281\" src=\"https:\/\/www.youtube.com\/embed\/7xxhfLulMtI?feature=oembed\" frameborder=\"0\" allow=\"accelerometer; autoplay; clipboard-write; encrypted-media; gyroscope; picture-in-picture; web-share\" referrerpolicy=\"strict-origin-when-cross-origin\" allowfullscreen><\/iframe>\n<\/div><\/figure>\n<\/div>\n\n\n\n<div class=\"wp-block-column is-vertically-aligned-center is-layout-flow wp-block-column-is-layout-flow\"><div class=\"wrapper-text\">\n<h3 class=\"wp-block-heading\">Sie werden eine grossartige Zeit haben<\/h3>\n<\/div>\n\n<div class=\"wrapper-text\">\n<p>Das Belgrader Nachtleben und das Essen sind unvergesslich und einer der H\u00f6hepunkte, die die Stadt so charmant und angenehm machen. Wenn Sie eine Woche in Belgrad verbringen, werden Sie Ihren n\u00e4chsten Besuch in Ihrem neuen Entwicklungszentrum kaum erwarten k\u00f6nnen.<\/p>\n<\/div><\/div>\n<\/div>\n<\/div>\n\n<section id=\"download-form\" class=\"editor-block-outer editor-block form-outer form-research\">\n    <div class=\"wrapper\">\n\t\t\n<div class=\"wpcf7 no-js\" id=\"wpcf7-f1770-o1\" lang=\"en-US\" dir=\"ltr\" data-wpcf7-id=\"1770\">\n<div class=\"screen-reader-response\"><p role=\"status\" aria-live=\"polite\" aria-atomic=\"true\"><\/p> <ul><\/ul><\/div>\n<form action=\"\/de\/wp-json\/wp\/v2\/pages\/1749#wpcf7-f1770-o1\" method=\"post\" class=\"wpcf7-form init\" aria-label=\"Contact form\" novalidate=\"novalidate\" data-status=\"init\">\n<fieldset class=\"hidden-fields-container\"><input type=\"hidden\" name=\"_wpcf7\" value=\"1770\" \/><input type=\"hidden\" name=\"_wpcf7_version\" value=\"6.1.5\" \/><input type=\"hidden\" name=\"_wpcf7_locale\" value=\"en_US\" \/><input type=\"hidden\" name=\"_wpcf7_unit_tag\" value=\"wpcf7-f1770-o1\" \/><input type=\"hidden\" name=\"_wpcf7_container_post\" value=\"0\" \/><input type=\"hidden\" name=\"_wpcf7_posted_data_hash\" value=\"\" \/><input type=\"hidden\" name=\"_wpcf7_recaptcha_response\" value=\"\" \/>\n<\/fieldset>\n<div class=\"form-top-content\">\n\t<h6>STUDIE\n\t<\/h6>\n\t<h3>Registrieren Sie sich, um die vollst\u00e4ndige Marktstudie \u00fcber Serbien und Rum\u00e4nien im Vergleich zu anderen Nearshoring-Standorten herunterzuladen.\n\t<\/h3>\n<\/div>\n<div class=\"two-columns\">\n\t<div class=\"column\">\n\t\t<ul class=\"form\">\n\t\t\t<li class=\"field-group\">\n\t\t\t\t<p><label for=\"first-name\">Vorname*<\/label><span class=\"wpcf7-form-control-wrap\" data-name=\"first-name\"><input size=\"40\" maxlength=\"400\" class=\"wpcf7-form-control wpcf7-text wpcf7-validates-as-required\" aria-required=\"true\" aria-invalid=\"false\" value=\"\" type=\"text\" name=\"first-name\" \/><\/span>\n\t\t\t\t<\/p>\n\t\t\t<\/li>\n\t\t\t<li class=\"field-group\">\n\t\t\t\t<p><label>Nachname*<\/label><span class=\"wpcf7-form-control-wrap\" data-name=\"last-name\"><input size=\"40\" maxlength=\"400\" class=\"wpcf7-form-control wpcf7-text wpcf7-validates-as-required\" aria-required=\"true\" aria-invalid=\"false\" value=\"\" type=\"text\" name=\"last-name\" \/><\/span>\n\t\t\t\t<\/p>\n\t\t\t<\/li>\n\t\t\t<li class=\"field-group\">\n\t\t\t\t<p><label for=\"your-title\">Position*<\/label><span class=\"wpcf7-form-control-wrap\" data-name=\"your-title\"><input size=\"40\" maxlength=\"400\" class=\"wpcf7-form-control wpcf7-text wpcf7-validates-as-required\" aria-required=\"true\" aria-invalid=\"false\" value=\"\" type=\"text\" name=\"your-title\" \/><\/span>\n\t\t\t\t<\/p>\n\t\t\t<\/li>\n\t\t\t<li class=\"field-group\">\n\t\t\t\t<p><label for=\"your-phone\">Telefonnummer<\/label><span class=\"wpcf7-form-control-wrap\" data-name=\"your-phone\"><input size=\"40\" maxlength=\"400\" class=\"wpcf7-form-control wpcf7-tel wpcf7-text wpcf7-validates-as-tel\" aria-invalid=\"false\" value=\"\" type=\"tel\" name=\"your-phone\" \/><\/span>\n\t\t\t\t<\/p>\n\t\t\t<\/li>\n\t\t<\/ul>\n\t<\/div>\n\t<div class=\"column\">\n\t\t<ul class=\"form\">\n\t\t\t<li class=\"field-group\">\n\t\t\t\t<p><label for=\"your-company\">Firmenname*<\/label><span class=\"wpcf7-form-control-wrap\" data-name=\"your-company\"><input size=\"40\" maxlength=\"400\" class=\"wpcf7-form-control wpcf7-text wpcf7-validates-as-required\" aria-required=\"true\" aria-invalid=\"false\" value=\"\" type=\"text\" name=\"your-company\" \/><\/span>\n\t\t\t\t<\/p>\n\t\t\t<\/li>\n\t\t\t<li class=\"field-group\">\n\t\t\t\t<p><label for=\"your-company-url\">Firmen-URL*<\/label><span class=\"wpcf7-form-control-wrap\" data-name=\"your-company-url\"><input size=\"40\" maxlength=\"400\" class=\"wpcf7-form-control wpcf7-url wpcf7-validates-as-required wpcf7-text wpcf7-validates-as-url\" aria-required=\"true\" aria-invalid=\"false\" value=\"\" type=\"url\" name=\"your-company-url\" \/><\/span>\n\t\t\t\t<\/p>\n\t\t\t<\/li>\n\t\t\t<li class=\"field-group\">\n\t\t\t\t<p><label for=\"your-email\">Firmen-E-Mail*<\/label><span class=\"wpcf7-form-control-wrap\" data-name=\"your-email\"><input size=\"40\" maxlength=\"400\" class=\"wpcf7-form-control wpcf7-email wpcf7-validates-as-required wpcf7-text wpcf7-validates-as-email\" aria-required=\"true\" aria-invalid=\"false\" value=\"\" type=\"email\" name=\"your-email\" \/><\/span>\n\t\t\t\t<\/p>\n\t\t\t<\/li>\n\t\t\t<li class=\"check\">\n\t\t\t\t<p><span class=\"wpcf7-form-control-wrap\" data-name=\"acceptance\"><span class=\"wpcf7-form-control wpcf7-acceptance\"><span class=\"wpcf7-list-item\"><label><input type=\"checkbox\" name=\"acceptance\" value=\"1\" checked=\"checked\" aria-invalid=\"false\" \/><span class=\"wpcf7-list-item-label\">Ich habe die <a href=\"https:\/\/www.interventure.info\/de\/cookie-policy\/\">Datenschutzerkl\u00e4rung*<\/a> gelesen und stimme ihr zu.<\/span><\/label><\/span><\/span><\/span>\n\t\t\t\t<\/p>\n\t\t\t<\/li>\n\t\t<\/ul>\n\t<\/div>\n<\/div>\n<div class=\"wpcf7-response-output\" aria-hidden=\"true\"><\/div>\n<div class=\"btn-holder\">\n\t<p><input class=\"wpcf7-form-control wpcf7-submit has-spinner btn ghost ghost-green\" type=\"submit\" value=\"SENDEN\" \/>\n\t<\/p>\n<\/div>\n<\/form>\n<\/div>\n\n    <\/div>\n<\/section>\n\n<section  class=\"editor-block-outer editor-block\">\n    <div class=\"wrapper\">\n\t\t<h6 style=\"text-align: center;\">ARBEITEN SIE MIT UNS<\/h6>\n<h3 style=\"text-align: center;\">Setzen Sie sich mit uns in Verbindung<br \/>\nund lassen Sie uns Ihr neues<br \/>\nEntwicklungszentrum bauen.<\/h3>\n<p style=\"text-align: center;\"><span class=\"button-outer btn-color-outer-green\"><a href=\"https:\/\/www.interventure.info\/de\/contact\/\">KONTAKTIEREN SIE UNS<\/a><\/span><\/p>\n    <\/div>\n<\/section>","protected":false},"excerpt":{"rendered":"<p>EINE BELGRAD-ERFAHRUNG WIE IST ES IN BELGRAD ZU ARBEITEN? Im Herzen von Belgrad, einer dynamischen Stadt mit viel Kultur und einer lebendigen Tech-Community, befindet sich unser Hub in voller Bl\u00fcte. Umgeben von lokalen Start-ups und Scale-ups f\u00f6rdert unser Standort Kreativit\u00e4t und Partnerschaften im Technologiebereich. In unmittelbarer N\u00e4he zu den wichtigsten historischen und kulturellen Sehensw\u00fcrdigkeiten Belgrads [&hellip;]<\/p>\n","protected":false},"author":1,"featured_media":0,"parent":0,"menu_order":32,"comment_status":"closed","ping_status":"closed","template":"","meta":{"_acf_changed":false,"footnotes":""},"class_list":["post-1749","page","type-page","status-publish","hentry"],"acf":[],"_links":{"self":[{"href":"https:\/\/www.interventure.info\/de\/wp-json\/wp\/v2\/pages\/1749","targetHints":{"allow":["GET"]}}],"collection":[{"href":"https:\/\/www.interventure.info\/de\/wp-json\/wp\/v2\/pages"}],"about":[{"href":"https:\/\/www.interventure.info\/de\/wp-json\/wp\/v2\/types\/page"}],"author":[{"embeddable":true,"href":"https:\/\/www.interventure.info\/de\/wp-json\/wp\/v2\/users\/1"}],"replies":[{"embeddable":true,"href":"https:\/\/www.interventure.info\/de\/wp-json\/wp\/v2\/comments?post=1749"}],"version-history":[{"count":0,"href":"https:\/\/www.interventure.info\/de\/wp-json\/wp\/v2\/pages\/1749\/revisions"}],"wp:attachment":[{"href":"https:\/\/www.interventure.info\/de\/wp-json\/wp\/v2\/media?parent=1749"}],"curies":[{"name":"wp","href":"https:\/\/api.w.org\/{rel}","templated":true}]}}